{"id":10,"date":"2026-02-12T18:01:00","date_gmt":"2026-02-12T18:01:00","guid":{"rendered":"https:\/\/unvincible.fr\/?page_id=10"},"modified":"2026-02-12T18:01:00","modified_gmt":"2026-02-12T18:01:00","slug":"contact","status":"publish","type":"page","link":"https:\/\/unvincible.fr\/?page_id=10","title":{"rendered":"contact"},"content":{"rendered":"<style id=\"wpforms-css-vars-7-block-c67e9fb6-a1fb-4915-9b32-d2e2dda2f3d4\">\n\t\t\t\t#wpforms-7.wpforms-block-c67e9fb6-a1fb-4915-9b32-d2e2dda2f3d4 {\n\t\t\t\t--wpforms-field-size-input-height: 43px;\n--wpforms-field-size-input-spacing: 15px;\n--wpforms-field-size-font-size: 16px;\n--wpforms-field-size-line-height: 19px;\n--wpforms-field-size-padding-h: 14px;\n--wpforms-field-size-checkbox-size: 16px;\n--wpforms-field-size-sublabel-spacing: 5px;\n--wpforms-field-size-icon-size: 1;\n--wpforms-label-size-font-size: 16px;\n--wpforms-label-size-line-height: 19px;\n--wpforms-label-size-sublabel-font-size: 14px;\n--wpforms-label-size-sublabel-line-height: 17px;\n--wpforms-button-size-font-size: 17px;\n--wpforms-button-size-height: 41px;\n--wpforms-button-size-padding-h: 15px;\n--wpforms-button-size-margin-top: 10px;\n\t\t\t}\n\t\t\t<\/style><div class=\"wpforms-container wpforms-container-full wpforms-block wpforms-block-c67e9fb6-a1fb-4915-9b32-d2e2dda2f3d4 wpforms-render-modern\" id=\"wpforms-7\"><form id=\"wpforms-form-7\" class=\"wpforms-validate wpforms-form\" data-formid=\"7\" method=\"post\" enctype=\"multipart\/form-data\" action=\"\/index.php?rest_route=%2Fwp%2Fv2%2Fpages%2F10\" data-token=\"c83a9a9036bd72f4a409254a9e330138\" data-token-time=\"1777508903\"><noscript class=\"wpforms-error-noscript\">Please enable JavaScript in your browser to complete this form.<\/noscript><div id=\"wpforms-error-noscript\" style=\"display: none;\">Please enable JavaScript in your browser to complete this form.<\/div><div class=\"wpforms-field-container\"><div id=\"wpforms-7-field_1-container\" class=\"wpforms-field wpforms-field-name\" data-field-id=\"1\"><fieldset><legend class=\"wpforms-field-label\">Nom et pr\u00e9nom<\/legend><div class=\"wpforms-field-row wpforms-field-medium\"><div class=\"wpforms-field-row-block wpforms-first wpforms-one-half\"><input type=\"text\" id=\"wpforms-7-field_1\" class=\"wpforms-field-name-first\" name=\"wpforms[fields][1][first]\" aria-errormessage=\"wpforms-7-field_1-error\" ><label for=\"wpforms-7-field_1\" class=\"wpforms-field-sublabel after\">First<\/label><\/div><div class=\"wpforms-field-row-block wpforms-one-half\"><input type=\"text\" id=\"wpforms-7-field_1-last\" class=\"wpforms-field-name-last\" name=\"wpforms[fields][1][last]\" aria-errormessage=\"wpforms-7-field_1-last-error\" ><label for=\"wpforms-7-field_1-last\" class=\"wpforms-field-sublabel after\">Last<\/label><\/div><\/div><\/fieldset><\/div>\t\t<div id=\"wpforms-7-field_8-container\"\n\t\t\tclass=\"wpforms-field wpforms-field-text\"\n\t\t\tdata-field-type=\"text\"\n\t\t\tdata-field-id=\"8\"\n\t\t\t>\n\t\t\t<label class=\"wpforms-field-label\" for=\"wpforms-7-field_8\" >\u00e0 mois) T&eacute;l&eacute;phone<\/label>\n\t\t\t<input type=\"text\" id=\"wpforms-7-field_8\" class=\"wpforms-field-medium\" name=\"wpforms[fields][8]\" >\n\t\t<\/div>\n\t\t<div id=\"wpforms-7-field_2-container\" class=\"wpforms-field wpforms-field-email\" data-field-id=\"2\"><label class=\"wpforms-field-label\" for=\"wpforms-7-field_2\">Email<\/label><input type=\"email\" id=\"wpforms-7-field_2\" class=\"wpforms-field-medium\" name=\"wpforms[fields][2]\" spellcheck=\"false\" aria-errormessage=\"wpforms-7-field_2-error\" ><\/div><div id=\"wpforms-7-field_4-container\" class=\"wpforms-field wpforms-field-checkbox\" data-field-id=\"4\"><fieldset><legend class=\"wpforms-field-label\">Qu\u2019est-ce que vous aimez dans le vin ?<\/legend><ul id=\"wpforms-7-field_4\"><li class=\"choice-1 depth-1\"><input type=\"checkbox\" id=\"wpforms-7-field_4_1\" name=\"wpforms[fields][4][]\" value=\"Rouge\" aria-errormessage=\"wpforms-7-field_4_1-error\"  ><label class=\"wpforms-field-label-inline\" for=\"wpforms-7-field_4_1\">Rouge<\/label><\/li><li class=\"choice-2 depth-1\"><input type=\"checkbox\" id=\"wpforms-7-field_4_2\" name=\"wpforms[fields][4][]\" value=\"Blanc\" aria-errormessage=\"wpforms-7-field_4_2-error\"  ><label class=\"wpforms-field-label-inline\" for=\"wpforms-7-field_4_2\">Blanc<\/label><\/li><li class=\"choice-3 depth-1\"><input type=\"checkbox\" id=\"wpforms-7-field_4_3\" name=\"wpforms[fields][4][]\" value=\"Ros\u00e9\" aria-errormessage=\"wpforms-7-field_4_3-error\"  ><label class=\"wpforms-field-label-inline\" for=\"wpforms-7-field_4_3\">Ros\u00e9<\/label><\/li><li class=\"choice-4 depth-1\"><input type=\"checkbox\" id=\"wpforms-7-field_4_4\" name=\"wpforms[fields][4][]\" value=\"Bulles \/ p\u00e9tillant\" aria-errormessage=\"wpforms-7-field_4_4-error\"  ><label class=\"wpforms-field-label-inline\" for=\"wpforms-7-field_4_4\">Bulles \/ p\u00e9tillant<\/label><\/li><\/ul><\/fieldset><\/div><div id=\"wpforms-7-field_5-container\" class=\"wpforms-field wpforms-field-radio\" data-field-id=\"5\"><fieldset><legend class=\"wpforms-field-label\">Quel style de vin pr\u00e9f\u00e9rez-vous le plus ?<\/legend><ul id=\"wpforms-7-field_5\"><li class=\"choice-1 depth-1\"><input type=\"radio\" id=\"wpforms-7-field_5_1\" name=\"wpforms[fields][5]\" value=\"Fruit\u00e9 et l\u00e9ger\" aria-errormessage=\"wpforms-7-field_5_1-error\"  ><label class=\"wpforms-field-label-inline\" for=\"wpforms-7-field_5_1\">Fruit\u00e9 et l\u00e9ger<\/label><\/li><li class=\"choice-2 depth-1\"><input type=\"radio\" id=\"wpforms-7-field_5_2\" name=\"wpforms[fields][5]\" value=\"\u00c9pic\u00e9 et structur\u00e9\" aria-errormessage=\"wpforms-7-field_5_2-error\"  ><label class=\"wpforms-field-label-inline\" for=\"wpforms-7-field_5_2\">\u00c9pic\u00e9 et structur\u00e9<\/label><\/li><li class=\"choice-3 depth-1\"><input type=\"radio\" id=\"wpforms-7-field_5_3\" name=\"wpforms[fields][5]\" value=\"Bois\u00e9 \/ \u00e9levage en f\u00fbt\" aria-errormessage=\"wpforms-7-field_5_3-error\"  ><label class=\"wpforms-field-label-inline\" for=\"wpforms-7-field_5_3\">Bois\u00e9 \/ \u00e9levage en f\u00fbt<\/label><\/li><li class=\"choice-4 depth-1\"><input type=\"radio\" id=\"wpforms-7-field_5_4\" name=\"wpforms[fields][5]\" value=\"Sec et min\u00e9ral\" aria-errormessage=\"wpforms-7-field_5_4-error\"  ><label class=\"wpforms-field-label-inline\" for=\"wpforms-7-field_5_4\">Sec et min\u00e9ral<\/label><\/li><\/ul><\/fieldset><\/div><div id=\"wpforms-7-field_6-container\" class=\"wpforms-field wpforms-field-select wpforms-field-select-style-classic\" data-field-id=\"6\"><label class=\"wpforms-field-label\" for=\"wpforms-7-field_6\">Budget pr\u00eat \u00e0 d\u00e9penser (par mois)<\/label><select id=\"wpforms-7-field_6\" class=\"wpforms-field-medium\" name=\"wpforms[fields][6]\"><option value=\"Moins de 30\"  class=\"choice-1 depth-1\"  >Moins de 30<\/option><option value=\"30 \u00e0 50\"  class=\"choice-2 depth-1\"  >30 \u00e0 50<\/option><option value=\"50 \u00e0 80\"  class=\"choice-3 depth-1\"  >50 \u00e0 80<\/option><option value=\"80 et plus\"  class=\"choice-4 depth-1\"  >80 et plus<\/option><\/select><\/div><div id=\"wpforms-7-field_7-container\" class=\"wpforms-field wpforms-field-textarea\" data-field-id=\"7\"><label class=\"wpforms-field-label\" for=\"wpforms-7-field_7\">Commentaires (go\u00fbts, r\u00e9gions, fr\u00e9quence, etc.)<\/label><textarea id=\"wpforms-7-field_7\" class=\"wpforms-field-medium\" name=\"wpforms[fields][7]\" aria-errormessage=\"wpforms-7-field_7-error\" ><\/textarea><\/div><script>\n\t\t\t\t( function() {\n\t\t\t\t\tconst style = document.createElement( 'style' );\n\t\t\t\t\tstyle.appendChild( document.createTextNode( '#wpforms-7-field_8-container { position: absolute !important; overflow: hidden !important; display: inline !important; height: 1px !important; width: 1px !important; z-index: -1000 !important; padding: 0 !important; } #wpforms-7-field_8-container input { visibility: hidden; } #wpforms-conversational-form-page #wpforms-7-field_8-container label { counter-increment: none; }' ) );\n\t\t\t\t\tdocument.head.appendChild( style );\n\t\t\t\t\tdocument.currentScript?.remove();\n\t\t\t\t} )();\n\t\t\t<\/script><\/div><!-- .wpforms-field-container --><div class=\"wpforms-submit-container\" ><input type=\"hidden\" name=\"wpforms[id]\" value=\"7\"><input type=\"hidden\" name=\"page_title\" value=\"\"><input type=\"hidden\" name=\"page_url\" value=\"https:\/\/unvincible.fr\/index.php?rest_route=\/wp\/v2\/pages\/10\"><input type=\"hidden\" name=\"url_referer\" value=\"\"><button type=\"submit\" name=\"wpforms[submit]\" id=\"wpforms-submit-7\" class=\"wpforms-submit\" data-alt-text=\"Sending...\" data-submit-text=\"Envoyer\" aria-live=\"assertive\" value=\"wpforms-submit\">Envoyer<\/button><\/div><\/form><\/div>  <!-- .wpforms-container -->","protected":false},"excerpt":{"rendered":"","protected":false},"author":1,"featured_media":0,"parent":0,"menu_order":0,"comment_status":"closed","ping_status":"closed","template":"","meta":{"footnotes":""},"class_list":["post-10","page","type-page","status-publish","hentry"],"_links":{"self":[{"href":"https:\/\/unvincible.fr\/index.php?rest_route=\/wp\/v2\/pages\/10","targetHints":{"allow":["GET"]}}],"collection":[{"href":"https:\/\/unvincible.fr\/index.php?rest_route=\/wp\/v2\/pages"}],"about":[{"href":"https:\/\/unvincible.fr\/index.php?rest_route=\/wp\/v2\/types\/page"}],"author":[{"embeddable":true,"href":"https:\/\/unvincible.fr\/index.php?rest_route=\/wp\/v2\/users\/1"}],"replies":[{"embeddable":true,"href":"https:\/\/unvincible.fr\/index.php?rest_route=%2Fwp%2Fv2%2Fcomments&post=10"}],"version-history":[{"count":1,"href":"https:\/\/unvincible.fr\/index.php?rest_route=\/wp\/v2\/pages\/10\/revisions"}],"predecessor-version":[{"id":11,"href":"https:\/\/unvincible.fr\/index.php?rest_route=\/wp\/v2\/pages\/10\/revisions\/11"}],"wp:attachment":[{"href":"https:\/\/unvincible.fr\/index.php?rest_route=%2Fwp%2Fv2%2Fmedia&parent=10"}],"curies":[{"name":"wp","href":"https:\/\/api.w.org\/{rel}","templated":true}]}}